{"id":241136,"date":"2022-01-26T08:57:04","date_gmt":"2022-01-26T08:57:04","guid":{"rendered":"http:\/\/www.museumducoquillage.com\/?page_id=241136"},"modified":"2022-02-01T12:28:48","modified_gmt":"2022-02-01T12:28:48","slug":"donnees-personnelles","status":"publish","type":"page","link":"https:\/\/www.museumducoquillage.com\/en\/donnees-personnelles\/","title":{"rendered":"Personal data"},"content":{"rendered":"<p>[et_pb_section fb_built=\u00a0\u00bb1&Prime; next_background_color=\u00a0\u00bb#ffffff\u00a0\u00bb admin_label=\u00a0\u00bbHeader\u00a0\u00bb module_class=\u00a0\u00bb.bg-pan-right{-webkit-animation:bg-pan-right 8s both;animation:bg-pan-right 8s both}\u00a0\u00bb _builder_version=\u00a0\u00bb4.14.7&Prime; _module_preset=\u00a0\u00bbdefault\u00a0\u00bb background_color=\u00a0\u00bb#BFAFA0&Prime; use_background_color_gradient=\u00a0\u00bbon\u00a0\u00bb background_color_gradient_start=\u00a0\u00bb#bfafa0&Prime; background_color_gradient_end=\u00a0\u00bbrgba(119,110,101,0.33)\u00a0\u00bb background_color_gradient_start_position=\u00a0\u00bb23%\u00a0\u00bb background_color_gradient_overlays_image=\u00a0\u00bbon\u00a0\u00bb background_image=\u00a0\u00bbhttp:\/\/www.museumducoquillage.com\/wp-content\/uploads\/2022\/01\/VirginieB-6526-scaled.jpg\u00a0\u00bb custom_margin=\u00a0\u00bb0px||11px||false|false\u00a0\u00bb custom_padding=\u00a0\u00bb4px||100px||false|false\u00a0\u00bb bottom_divider_style=\u00a0\u00bbwave2&Prime; bottom_divider_flip=\u00a0\u00bbhorizontal|vertical\u00a0\u00bb custom_css_main_element=\u00a0\u00bbbackground-repeat: no-repeat;||background-attachment: fixed;||background-size: cover;||\u00a0\u00bb global_colors_info=\u00a0\u00bb{}\u00a0\u00bb][et_pb_row use_custom_gutter=\u00a0\u00bbon\u00a0\u00bb make_equal=\u00a0\u00bbon\u00a0\u00bb _builder_version=\u00a0\u00bb4.14.6&Prime; _module_preset=\u00a0\u00bbdefault\u00a0\u00bb z_index=\u00a0\u00bb1&Prime; max_width=\u00a0\u00bb1317px\u00a0\u00bb custom_margin=\u00a0\u00bb303px|auto|0px|auto|false|false\u00a0\u00bb custom_padding=\u00a0\u00bb13px||0px||false|false\u00a0\u00bb global_colors_info=\u00a0\u00bb{}\u00a0\u00bb][et_pb_column type=\u00a0\u00bb4_4&Prime; _builder_version=\u00a0\u00bb4.14.4&Prime; _module_preset=\u00a0\u00bbdefault\u00a0\u00bb global_colors_info=\u00a0\u00bb{}\u00a0\u00bb][et_pb_text _builder_version=\u00a0\u00bb4.14.7&Prime; _module_preset=\u00a0\u00bbdefault\u00a0\u00bb text_font=\u00a0\u00bbABeeZee||||||||\u00a0\u00bb text_text_color=\u00a0\u00bb#776e65&Prime; text_font_size=\u00a0\u00bb62px\u00a0\u00bb text_line_height=\u00a0\u00bb1.9em\u00a0\u00bb header_4_font=\u00a0\u00bbABeeZee||||||||\u00a0\u00bb header_4_text_color=\u00a0\u00bb#FFFFFF\u00a0\u00bb header_4_font_size=\u00a0\u00bb96px\u00a0\u00bb text_orientation=\u00a0\u00bbcenter\u00a0\u00bb custom_margin=\u00a0\u00bb-2px||||false|false\u00a0\u00bb hover_enabled=\u00a0\u00bb0&Prime; global_colors_info=\u00a0\u00bb{}\u00a0\u00bb header_4_font_size_last_edited=\u00a0\u00bbon|tablet\u00a0\u00bb sticky_enabled=\u00a0\u00bb0&Prime; header_4_font_size_tablet=\u00a0\u00bb60px\u00a0\u00bb header_4_font_size_phone=\u00a0\u00bb40px\u00a0\u00bb]<\/p>\n<h4>Donn\u00e9es personnelles<\/h4>\n<p>[\/et_pb_text][\/et_pb_column][\/et_pb_row][\/et_pb_section][et_pb_section fb_built=\u00a0\u00bb1&Prime; admin_label=\u00a0\u00bbLe concept du mus\u00e9um\u00a0\u00bb module_id=\u00a0\u00bba-propos\u00a0\u00bb _builder_version=\u00a0\u00bb4.14.6&Prime; _module_preset=\u00a0\u00bbdefault\u00a0\u00bb background_enable_color=\u00a0\u00bboff\u00a0\u00bb background_color_gradient_start=\u00a0\u00bbrgba(119,110,101,0.7)\u00a0\u00bb background_color_gradient_end=\u00a0\u00bbrgba(255,255,255,0.6)\u00a0\u00bb background_enable_image=\u00a0\u00bboff\u00a0\u00bb custom_margin=\u00a0\u00bb-11px|||||\u00a0\u00bb custom_padding=\u00a0\u00bb11px||217px|||\u00a0\u00bb global_colors_info=\u00a0\u00bb{}\u00a0\u00bb][et_pb_row _builder_version=\u00a0\u00bb4.14.6&Prime; _module_preset=\u00a0\u00bbdefault\u00a0\u00bb module_alignment=\u00a0\u00bbcenter\u00a0\u00bb global_colors_info=\u00a0\u00bb{}\u00a0\u00bb][et_pb_column type=\u00a0\u00bb4_4&Prime; _builder_version=\u00a0\u00bb4.14.6&Prime; _module_preset=\u00a0\u00bbdefault\u00a0\u00bb global_colors_info=\u00a0\u00bb{}\u00a0\u00bb][et_pb_text _builder_version=\u00a0\u00bb4.14.7&Prime; _module_preset=\u00a0\u00bbdefault\u00a0\u00bb text_font=\u00a0\u00bbABeeZee||||||||\u00a0\u00bb text_text_color=\u00a0\u00bb#776E65&Prime; text_font_size=\u00a0\u00bb20px\u00a0\u00bb header_3_font=\u00a0\u00bbABeeZee|700|||||||\u00a0\u00bb header_3_text_color=\u00a0\u00bb#776E65&Prime; global_colors_info=\u00a0\u00bb{}\u00a0\u00bb]<\/p>\n<div class=\"page\" title=\"Page 11\">\n<div class=\"section\">\n<div class=\"layoutArea\">\n<div class=\"column\">\n<h3>Traitement des donn\u00e9es personnelles<\/h3>\n<p class=\"p1\">Le Mus\u00e9um du Coquillage\u00a0s&rsquo;engage \u00e0 ce que la collecte et le traitement de vos donn\u00e9es, effectu\u00e9s \u00e0 partir du site http:\/\/www.museumducoquillage.com, soient conformes au r\u00e8glement g\u00e9n\u00e9ral sur la protection des donn\u00e9es (RGPD) et \u00e0 la loi Informatique et Libert\u00e9s.<\/p>\n<p class=\"p2\">Le Mus\u00e9um du Coquillage s\u2019engage \u00e0 ce que la collecte et le traitement de vos donn\u00e9es personnelles, effectu\u00e9s \u00e0 partir du site www.museumducoquillage.com, soient conformes \u00e0 la Loi Informatique et Libert\u00e9s ainsi qu\u2019au R\u00e8glement G\u00e9n\u00e9ral sur la Protection des Donn\u00e9es (RGPD) qui entre en vigueur le 25 mai 2018.<\/p>\n<p class=\"p2\">Chaque formulaire pr\u00e9sent sur le site www.museumducoquillage.com\u00a0limite la collecte de vos donn\u00e9es personnelles au strict n\u00e9cessaire et indique :<\/p>\n<p class=\"p2\">l\u2019objectif et la finalit\u00e9 du recueil de ces donn\u00e9es,<\/p>\n<p class=\"p2\">la dur\u00e9e de conservation de celles-ci ( 18 mois),<\/p>\n<p class=\"p2\">la personne \u00e0 qui ces donn\u00e9es sont destin\u00e9es.<\/p>\n<p class=\"p2\"><b>Donn\u00e9es collect\u00e9es<\/b><\/p>\n<p class=\"p2\">Le Mus\u00e9um du Coquillage collecte et traite des informations de type : nom,adresse e-mail, num\u00e9ro de t\u00e9l\u00e9phone, adresse IP, donn\u00e9es de connexions et donn\u00e9es de navigation.<\/p>\n<p class=\"p2\">Le caract\u00e8re obligatoire ou facultatif vous est signal\u00e9 lors de la collecte par un ast\u00e9risque. Certaines donn\u00e9es sont collect\u00e9es automatiquement du fait de vos actions sur notre site internet.<\/p>\n<p class=\"p2\">Nous effectuons \u00e9galement des mesures d\u2019audience et de fr\u00e9quentation gr\u00e2ce \u00e0 Google Analytics.<\/p>\n<p class=\"p2\">Nous collectons les informations que vous nous fournissez notamment quand :<\/p>\n<p class=\"p2\">vous contactez notre service commercial via le formulaire de contact, vous naviguez sur notre site internet et consultez nos services.<\/p>\n<p class=\"p2\">Les donn\u00e9es personnelles recueillies sur le site www.museumducoquillage.com\u00a0sont transmises et conserv\u00e9es selon des protocoles s\u00e9curis\u00e9es.<\/p>\n<p class=\"p2\"><strong>La destination de vos donn\u00e9es<\/strong><\/p>\n<p class=\"p2\">Les donn\u00e9es vous concernant sont transmises selon votre demande et votre besoin \u00e0 nos diff\u00e9rents p\u00f4les : commercial, marketing et webmarketing, design, facturation et comptabilit\u00e9, d\u00e9veloppement informatique. Elles ne sont pas c\u00e9d\u00e9es \u00e0 des tiers ni utilis\u00e9es \u00e0 d&rsquo;autres fins.<\/p>\n<p class=\"p2\">En vue d\u2019adapter le site aux demandes de ses visiteurs, nous mesurons le nombre de visites, le nombre de pages vues ainsi que l&rsquo;activit\u00e9 des visiteurs sur le site et leur fr\u00e9quence de retour.<\/p>\n<p class=\"p2\">Nous collectons \u00e9galement votre adresse IP, afin de d\u00e9terminer la ville depuis laquelle vous vous connectez. Celle-ci est imm\u00e9diatement anonymis\u00e9e apr\u00e8s utilisation. Nous ne pouvons donc en aucun cas remonter par ce biais \u00e0 une personne physique.<\/p>\n<p class=\"p2\"><strong>Acc\u00e8s, rectification ou suppression de vos donn\u00e9es<\/strong><\/p>\n<p class=\"p2\">Vous pouvez demander l\u2019acc\u00e8s \u00e0 vos informations, en nous envoyant un mail \u00e0 museumducoquillage@gmail.com.<\/p>\n<p class=\"p2\">Pour toutes informations suppl\u00e9mentaires ou demande de modification\/suppression de vos donn\u00e9es priv\u00e9es, vous pouvez contacter\u00a0Le Mus\u00e9um du Coquillage :<\/p>\n<p class=\"p2\">par t\u00e9l\u00e9phone : 02 51 23 50 00<\/p>\n<p class=\"p2\">en vous rendant au Mus\u00e9um du Coquillage :<\/p>\n<p>Port de P\u00eache<\/p>\n<p class=\"p2\">8 rue du Mar\u00e9chal Leclerc<\/p>\n<p class=\"p2\">85100 LES SABLES D&rsquo;OLONNE<\/p>\n<p class=\"p3\">\n<p class=\"p2\">Le Mus\u00e9um du Coquillage dispose d\u2019un d\u00e9lai de r\u00e9ponse de 2 mois suivant la date d\u2019envoi de votre demande. Pour en savoir plus sur vos droits, nous vous invitons \u00e0 consulter le site de la CNIL.<\/p>\n<\/div>\n<\/div>\n<\/div>\n<\/div>\n<p>[\/et_pb_text][\/et_pb_column][\/et_pb_row][\/et_pb_section]<\/p>\n","protected":false},"excerpt":{"rendered":"<p>Donn\u00e9es personnelles Traitement des donn\u00e9es personnelles Le Mus\u00e9um du Coquillage\u00a0s&rsquo;engage \u00e0 ce que la collecte et le traitement de vos donn\u00e9es, effectu\u00e9s \u00e0 partir du site http:\/\/www.museumducoquillage.com, soient conformes au r\u00e8glement g\u00e9n\u00e9ral sur la protection des donn\u00e9es (RGPD) et \u00e0 la loi Informatique et Libert\u00e9s. Le Mus\u00e9um du Coquillage s\u2019engage \u00e0 ce que la collecte et le traitement de vos donn\u00e9es personnelles, effectu\u00e9s \u00e0 partir du site www.museumducoquillage.com, soient conformes \u00e0 la Loi Informatique et Libert\u00e9s ainsi qu\u2019au R\u00e8glement G\u00e9n\u00e9ral sur la Protection des Donn\u00e9es (RGPD) qui entre en vigueur le 25 mai 2018. Chaque formulaire pr\u00e9sent sur le site www.museumducoquillage.com\u00a0limite la collecte de vos donn\u00e9es personnelles au strict n\u00e9cessaire et indique : l\u2019objectif et la finalit\u00e9 du recueil de ces donn\u00e9es, la dur\u00e9e de conservation de celles-ci ( 18 mois), la personne \u00e0 qui ces donn\u00e9es sont destin\u00e9es. Donn\u00e9es collect\u00e9es Le Mus\u00e9um du Coquillage collecte et traite des informations de type : nom,adresse e-mail, num\u00e9ro de t\u00e9l\u00e9phone, adresse IP, donn\u00e9es de connexions et donn\u00e9es de navigation. Le caract\u00e8re obligatoire ou facultatif vous est signal\u00e9 lors de la collecte par un ast\u00e9risque. Certaines donn\u00e9es sont collect\u00e9es automatiquement du fait de vos actions sur notre site internet. Nous effectuons \u00e9galement des [&hellip;]<\/p>\n","protected":false},"author":1,"featured_media":0,"parent":0,"menu_order":0,"comment_status":"closed","ping_status":"closed","template":"","meta":{"_et_pb_use_builder":"on","_et_pb_old_content":"","_et_gb_content_width":"","footnotes":""},"class_list":["post-241136","page","type-page","status-publish","hentry"],"_links":{"self":[{"href":"https:\/\/www.museumducoquillage.com\/en\/wp-json\/wp\/v2\/pages\/241136","targetHints":{"allow":["GET"]}}],"collection":[{"href":"https:\/\/www.museumducoquillage.com\/en\/wp-json\/wp\/v2\/pages"}],"about":[{"href":"https:\/\/www.museumducoquillage.com\/en\/wp-json\/wp\/v2\/types\/page"}],"author":[{"embeddable":true,"href":"https:\/\/www.museumducoquillage.com\/en\/wp-json\/wp\/v2\/users\/1"}],"replies":[{"embeddable":true,"href":"https:\/\/www.museumducoquillage.com\/en\/wp-json\/wp\/v2\/comments?post=241136"}],"version-history":[{"count":5,"href":"https:\/\/www.museumducoquillage.com\/en\/wp-json\/wp\/v2\/pages\/241136\/revisions"}],"predecessor-version":[{"id":241369,"href":"https:\/\/www.museumducoquillage.com\/en\/wp-json\/wp\/v2\/pages\/241136\/revisions\/241369"}],"wp:attachment":[{"href":"https:\/\/www.museumducoquillage.com\/en\/wp-json\/wp\/v2\/media?parent=241136"}],"curies":[{"name":"wp","href":"https:\/\/api.w.org\/{rel}","templated":true}]}}